{"id":16080,"date":"2023-08-05T17:46:30","date_gmt":"2023-08-05T15:46:30","guid":{"rendered":"https:\/\/fly.olympicwings.com\/?page_id=16080"},"modified":"2023-08-24T22:11:51","modified_gmt":"2023-08-24T20:11:51","slug":"general-information","status":"publish","type":"page","link":"https:\/\/fly.olympicwings.com\/de\/flying-tours-greece\/general-information\/","title":{"rendered":"Allgemeine Informationen"},"content":{"rendered":"<div class=\"wpb-content-wrapper\"><p>[vc_row css_animation=&#8220;&#8220; row_type=&#8220;row&#8220; use_row_as_full_screen_section=&#8220;no&#8220; type=&#8220;full_width&#8220; angled_section=&#8220;no&#8220; text_align=&#8220;left&#8220; background_image_as_pattern=&#8220;without_pattern&#8220;][vc_column width=&#8220;1\/2&#8243;][vc_single_image image=&#8220;16235&#8243; img_size=&#8220;medium&#8220; alignment=&#8220;center&#8220; onclick=&#8220;link_image&#8220; qode_css_animation=&#8220;&#8220;][\/vc_column][vc_column width=&#8220;1\/2&#8243;][vc_empty_space height=&#8220;50px&#8220;][vc_column_text]<\/p>\n<h5 style=\"text-align: center;\">Komm und flieg mit Claudia &#038; Stelios!<\/h5>\n<p>[\/vc_column_text][\/vc_column][\/vc_row][vc_row css_animation=&#8220;&#8220; row_type=&#8220;row&#8220; use_row_as_full_screen_section=&#8220;no&#8220; type=&#8220;full_width&#8220; angled_section=&#8220;no&#8220; text_align=&#8220;left&#8220; background_image_as_pattern=&#8220;without_pattern&#8220;][vc_column][vc_empty_space][\/vc_column][\/vc_row][vc_row css_animation=&#8220;&#8220; row_type=&#8220;row&#8220; use_row_as_full_screen_section=&#8220;no&#8220; type=&#8220;full_width&#8220; angled_section=&#8220;no&#8220; text_align=&#8220;left&#8220; background_image_as_pattern=&#8220;without_pattern&#8220;][vc_column width=&#8220;1\/2&#8243;][vc_column_text]Wir bieten <strong>organisierte Flugrundreisen <\/strong>f\u00fcr Piloten mit wenigen Flugstunden und fortgeschrittene Gleitschirmpiloten in einigen der <strong>faszinierendsten Fluggebieten in ganz Griechenland<\/strong>.<\/p>\n<p>&nbsp;<\/p>\n<p>Unsere Flugrundreisen <strong>kombinieren zwei oder drei Regionen <\/strong>Griechenlands, je nach der Dauer Deines Urlaubes. Du wirst die Unterkunft w\u00e4hrend Deines Aufenthaltes wechseln, so dass unsere Basis immer lokal bei den Fluggebieten ist. Abh\u00e4ngig von den t\u00e4glichen Wetterbedingungen w\u00e4hlen wir das beste Fluggebiet in der N\u00e4he aus.<\/p>\n<p>&nbsp;<\/p>\n<p>F\u00fcr <strong>Gruppen von Piloten<\/strong>, <strong>Gleitschirmvereine<\/strong> und S<strong>chulen<\/strong> arrangieren wir den <strong>Reiseverlauf<\/strong> und Type der <strong>Unterkunft<\/strong> in Absprache mit euren <strong>W\u00fcnschen<\/strong> und Bevorzugungen. Wir empfehlen eine Dauer ab 8 Tage, nat\u00fcrlich k\u00f6nnt ihr auch einen entspannenden Strandaufenthalt an den letzten Tagen geniessen. <strong>Frag uns einfach nach deinem Wunschtermin und Region<\/strong>.<\/p>\n<p>&nbsp;<\/p>\n<p><strong>Wir bieten ein komplettes Gleitschirm-Urlaubspacket mit verschiedenen Dienstleistungen an, lies mehr dar\u00fcber hier: <a href=\"https:\/\/fly.olympicwings.com\/de\/olympic-wings\/holiday-services\/\">:::> Urlaubsleistungen<\/a><\/strong>[\/vc_column_text][\/vc_column][vc_column width=&#8220;1\/2&#8243;][vc_single_image image=&#8220;16198&#8243; img_size=&#8220;medium&#8220; alignment=&#8220;center&#8220; onclick=&#8220;link_image&#8220; qode_css_animation=&#8220;&#8220;][vc_single_image image=&#8220;16237&#8243; img_size=&#8220;medium&#8220; alignment=&#8220;center&#8220; onclick=&#8220;link_image&#8220; qode_css_animation=&#8220;&#8220;][vc_single_image image=&#8220;16106&#8243; img_size=&#8220;medium&#8220; alignment=&#8220;center&#8220; onclick=&#8220;link_image&#8220; qode_css_animation=&#8220;&#8220;][\/vc_column][\/vc_row][vc_row css_animation=&#8220;&#8220; row_type=&#8220;row&#8220; use_row_as_full_screen_section=&#8220;no&#8220; type=&#8220;full_width&#8220; angled_section=&#8220;no&#8220; text_align=&#8220;left&#8220; background_image_as_pattern=&#8220;without_pattern&#8220;][vc_column][vc_empty_space][\/vc_column][\/vc_row][vc_row css_animation=&#8220;&#8220; row_type=&#8220;row&#8220; use_row_as_full_screen_section=&#8220;no&#8220; type=&#8220;full_width&#8220; angled_section=&#8220;no&#8220; text_align=&#8220;left&#8220; background_image_as_pattern=&#8220;without_pattern&#8220;][vc_column width=&#8220;1\/2&#8243;][vc_single_image image=&#8220;16171&#8243; img_size=&#8220;medium&#8220; alignment=&#8220;center&#8220; onclick=&#8220;link_image&#8220; qode_css_animation=&#8220;&#8220;][vc_single_image image=&#8220;16236&#8243; img_size=&#8220;medium&#8220; alignment=&#8220;center&#8220; onclick=&#8220;link_image&#8220; qode_css_animation=&#8220;&#8220;][vc_single_image image=&#8220;16160&#8243; img_size=&#8220;medium&#8220; alignment=&#8220;center&#8220; onclick=&#8220;link_image&#8220; qode_css_animation=&#8220;&#8220;][\/vc_column][vc_column width=&#8220;1\/2&#8243;][vc_column_text]Olympic Wings bietet unseren Piloten eine grossartige Gelegenheit in<strong> ausgew\u00e4hlten Fluggebieten<\/strong> in Griechenland zu fliegen.<\/p>\n<p>&nbsp;<\/p>\n<p>Das Ziel der Flugtour ist es, Piloten <strong>mehrere unterschiedliche Gegenden<\/strong> zu zeigen, die alle <strong>gute Flugbedingungen<\/strong> und <strong>tolle Landschaften<\/strong> bieten. Gebirge, T\u00e4ler und Flachland, Seen und Fl\u00fcsse und zu guter Letzt das Mittelmeer, Inseln und K\u00fcsten.<\/p>\n<p>&nbsp;<\/p>\n<p><strong>Warum ist die Flugrundreise besonders?<\/strong> Sie ist f\u00fcr dich im Voraus geplant basierend auf den <strong>k\u00fcrzesten Fahrtstrecken<\/strong> und den <strong>besten Wetter- und Flugbedingungen<\/strong>!<\/p>\n<p>&nbsp;<\/p>\n<p>&nbsp;<\/p>\n<p><strong>Langj\u00e4hriges Wissen &#038; Erfahrung im Operieren von Flugrundreisen durch verschiedene Regionen in ganz Griechenland lassen uns einen einmaligen Reiseablauf mit 99% ausgezeichneter Flugtage w\u00e4hrend deines Aufenthaltes anbieten.<\/strong>[\/vc_column_text][\/vc_column][\/vc_row][vc_row css_animation=&#8220;&#8220; row_type=&#8220;row&#8220; use_row_as_full_screen_section=&#8220;no&#8220; type=&#8220;full_width&#8220; angled_section=&#8220;no&#8220; text_align=&#8220;left&#8220; background_image_as_pattern=&#8220;without_pattern&#8220;][vc_column][vc_empty_space][\/vc_column][\/vc_row][vc_row css_animation=&#8220;&#8220; row_type=&#8220;row&#8220; use_row_as_full_screen_section=&#8220;no&#8220; type=&#8220;full_width&#8220; angled_section=&#8220;no&#8220; text_align=&#8220;left&#8220; background_image_as_pattern=&#8220;without_pattern&#8220;][vc_column width=&#8220;1\/2&#8243;][vc_column_text]<\/p>\n<h5>Wenn Du mit Olympic Wings fliegst<\/h5>\n<p>&nbsp;<\/p>\n<p>Wir bieten <strong>fundiertes lokales Wissen und Unterst\u00fctzung f\u00fcr Piloten<\/strong>, so dass sie das Fliegen in Griechenland geniessen k\u00f6nnen und ihre F\u00e4higkeiten als Pilot in einer freundlichen Atmosp\u00e4re entwickeln k\u00f6nnen.<\/p>\n<p>&nbsp;<\/p>\n<ul>\n<li>wir sind Einheimische und wir sprechen die Sprache<\/li>\n<li>wir kennen die lokalen Autorit\u00e4ten<\/li>\n<li>wir operieren legal mit allen notwendigen Lizenzen und Versicherungen<\/li>\n<li>klare, t\u00e4gliche Wetter &#038; Fluggebiets Briefings<\/li>\n<li>locale Kenntnisse der Fluggebiete und Regionen<\/li>\n<li>m\u00f6gliche XC Routen &#038; Tipps<\/li>\n<li>einfaches Anpassen &#038; Trainieren in neuem Gel\u00e4nde<\/li>\n<li>entwickele Deine Flugkenntnisse &#038; -techniken<\/li>\n<li>Fliegen mit Sicherheit<\/li>\n<\/ul>\n<p>&nbsp;<\/p>\n<p><strong>Die Olympic Wings Fluglehrer organisieren Jahr f\u00fcr Jahr Gleitschirmurlaub und Flugseminare &#8211; sie sind lizensierte Profis im Gleitschirmfliegen und selbst aktive Piloten seit \u00fcber 30 Jahren.<\/strong>[\/vc_column_text][\/vc_column][vc_column width=&#8220;1\/2&#8243;][vc_empty_space height=&#8220;50px&#8220;][vc_single_image image=&#8220;16057&#8243; img_size=&#8220;medium&#8220; alignment=&#8220;center&#8220; onclick=&#8220;link_image&#8220; qode_css_animation=&#8220;&#8220;][vc_empty_space][vc_single_image image=&#8220;16096&#8243; img_size=&#8220;medium&#8220; alignment=&#8220;center&#8220; onclick=&#8220;link_image&#8220; qode_css_animation=&#8220;&#8220;][vc_empty_space][\/vc_column][\/vc_row][vc_row css_animation=&#8220;&#8220; row_type=&#8220;row&#8220; use_row_as_full_screen_section=&#8220;no&#8220; type=&#8220;full_width&#8220; angled_section=&#8220;no&#8220; text_align=&#8220;left&#8220; background_image_as_pattern=&#8220;without_pattern&#8220;][vc_column][vc_empty_space][\/vc_column][\/vc_row][vc_row css_animation=&#8220;&#8220; row_type=&#8220;row&#8220; use_row_as_full_screen_section=&#8220;no&#8220; type=&#8220;full_width&#8220; angled_section=&#8220;no&#8220; text_align=&#8220;left&#8220; background_image_as_pattern=&#8220;without_pattern&#8220;][vc_column width=&#8220;1\/2&#8243;][vc_single_image image=&#8220;16108&#8243; img_size=&#8220;medium&#8220; alignment=&#8220;center&#8220; onclick=&#8220;link_image&#8220; qode_css_animation=&#8220;&#8220;][vc_single_image image=&#8220;16166&#8243; img_size=&#8220;medium&#8220; alignment=&#8220;center&#8220; onclick=&#8220;link_image&#8220; qode_css_animation=&#8220;&#8220;][vc_single_image image=&#8220;16196&#8243; img_size=&#8220;medium&#8220; alignment=&#8220;center&#8220; onclick=&#8220;link_image&#8220; qode_css_animation=&#8220;&#8220;][vc_single_image image=&#8220;16397&#8243; img_size=&#8220;medium&#8220; alignment=&#8220;center&#8220; onclick=&#8220;link_image&#8220; qode_css_animation=&#8220;&#8220;][\/vc_column][vc_column width=&#8220;1\/2&#8243;][vc_column_text]<\/p>\n<h5>Organisation:<\/h5>\n<p>Olympic Wings bietet die <strong>komplette Organisation<\/strong> der Reise &#8211; f\u00fcr jeden Piloten individuell &#8211; und erm\u00f6glicht so, dass die Reise reibungslos abl\u00e4uft und dennoch Flexibilit\u00e4t f\u00fcr das beste Fliegen erlaubt.<\/p>\n<p>&nbsp;<\/p>\n<p><strong>Die Unterk\u00fcnfte <\/strong>f\u00fcr die Piloten befinden sich in <strong>ausgew\u00e4hlten Standorten<\/strong>, die die Flexibilit\u00e4t des Reiseverlaufes unterst\u00fctzen und Komfort nach den Flugtagen bieten. Sie liegen in der N\u00e4he der Fluggebiete und sind gem\u00fctliche Hotels und qualitative G\u00e4steh\u00e4user. Wir w\u00e4hlen unsere Basis sorgf\u00e4ltig aus und planen <strong>2 bis 3 verschiedene<\/strong> <strong>Unterk\u00fcnfte<\/strong>.<\/p>\n<p>&nbsp;<\/p>\n<p>F\u00fcr Dein <strong>Abendessen<\/strong> machen wir gerne Vorschl\u00e4ge f\u00fcr<strong> frisch gekochte Speisen aus lokalen Produkten<\/strong>, die in einem entspannten Ambiente serviert werden.<\/p>\n<p>&nbsp;<\/p>\n<p>Die Regionen, durch die wir in Griechenland reisen sind <strong>einladend<\/strong> und viele Gegenden noch <strong>urspr\u00fcnglich<\/strong>, wir besuchen gastfreundliche D\u00f6rfer und kleine St\u00e4dtchen in den <strong>Bergen und entlang der K\u00fcsten<\/strong>.<\/p>\n<p>&nbsp;<\/p>\n<p><strong>Du kannst die Flugrundreisen zusammen mit deiner Unterkunft und Transfers direkt bei Olympic Wings buchen.<br \/>\nGerne kannst Du Verl\u00e4ngerungstage einplanen und l\u00e4nger bei uns bleiben.<\/strong><\/p>\n<p>&nbsp;<\/p>\n<p>&nbsp;<\/p>\n<h5>F\u00fcr Buchungen und weitere Informationen kontaktiere uns bitte:<\/h5>\n<p>&nbsp;<\/p>\n<p>email: <a href=\"mailto:info@olympicwings.com\">info@olympicwings.com<\/a><br \/>\nStelios Mobil: +30-6942215980<br \/>\nClaudia Mobil: +30-6986810618[\/vc_column_text][vc_empty_space][\/vc_column][\/vc_row][vc_row css_animation=&#8220;&#8220; row_type=&#8220;row&#8220; use_row_as_full_screen_section=&#8220;no&#8220; type=&#8220;full_width&#8220; angled_section=&#8220;no&#8220; text_align=&#8220;left&#8220; background_image_as_pattern=&#8220;without_pattern&#8220;][vc_column][vc_empty_space][\/vc_column][\/vc_row]<\/p>\n<\/div>","protected":false},"excerpt":{"rendered":"<p>[vc_row css_animation=&#8220;&#8220; row_type=&#8220;row&#8220; use_row_as_full_screen_section=&#8220;no&#8220; type=&#8220;full_width&#8220; angled_section=&#8220;no&#8220; text_align=&#8220;left&#8220; background_image_as_pattern=&#8220;without_pattern&#8220;][vc_column width=&#8220;1\/2&#8243;][vc_single_image image=&#8220;16235&#8243; img_size=&#8220;medium&#8220; alignment=&#8220;center&#8220; onclick=&#8220;link_image&#8220; qode_css_animation=&#8220;&#8220;][\/vc_column][vc_column width=&#8220;1\/2&#8243;][vc_empty_space height=&#8220;50px&#8220;][vc_column_text] Komm und flieg mit Claudia &#038; Stelios! [\/vc_column_text][\/vc_column][\/vc_row][vc_row css_animation=&#8220;&#8220; row_type=&#8220;row&#8220; use_row_as_full_screen_section=&#8220;no&#8220; type=&#8220;full_width&#8220; angled_section=&#8220;no&#8220; text_align=&#8220;left&#8220; background_image_as_pattern=&#8220;without_pattern&#8220;][vc_column][vc_empty_space][\/vc_column][\/vc_row][vc_row css_animation=&#8220;&#8220; row_type=&#8220;row&#8220; use_row_as_full_screen_section=&#8220;no&#8220; type=&#8220;full_width&#8220; angled_section=&#8220;no&#8220; text_align=&#8220;left&#8220; background_image_as_pattern=&#8220;without_pattern&#8220;][vc_column width=&#8220;1\/2&#8243;][vc_column_text]Wir bieten organisierte Flugrundreisen f\u00fcr Piloten mit&#8230;<\/p>\n","protected":false},"author":1,"featured_media":0,"parent":14989,"menu_order":1,"comment_status":"closed","ping_status":"closed","template":"","meta":{"footnotes":""},"class_list":["post-16080","page","type-page","status-publish","hentry"],"_links":{"self":[{"href":"https:\/\/fly.olympicwings.com\/de\/wp-json\/wp\/v2\/pages\/16080","targetHints":{"allow":["GET"]}}],"collection":[{"href":"https:\/\/fly.olympicwings.com\/de\/wp-json\/wp\/v2\/pages"}],"about":[{"href":"https:\/\/fly.olympicwings.com\/de\/wp-json\/wp\/v2\/types\/page"}],"author":[{"embeddable":true,"href":"https:\/\/fly.olympicwings.com\/de\/wp-json\/wp\/v2\/users\/1"}],"replies":[{"embeddable":true,"href":"https:\/\/fly.olympicwings.com\/de\/wp-json\/wp\/v2\/comments?post=16080"}],"version-history":[{"count":5,"href":"https:\/\/fly.olympicwings.com\/de\/wp-json\/wp\/v2\/pages\/16080\/revisions"}],"predecessor-version":[{"id":16679,"href":"https:\/\/fly.olympicwings.com\/de\/wp-json\/wp\/v2\/pages\/16080\/revisions\/16679"}],"up":[{"embeddable":true,"href":"https:\/\/fly.olympicwings.com\/de\/wp-json\/wp\/v2\/pages\/14989"}],"wp:attachment":[{"href":"https:\/\/fly.olympicwings.com\/de\/wp-json\/wp\/v2\/media?parent=16080"}],"curies":[{"name":"wp","href":"https:\/\/api.w.org\/{rel}","templated":true}]}}