{"id":15275,"date":"2020-04-23T21:04:05","date_gmt":"2020-04-23T19:04:05","guid":{"rendered":"https:\/\/fly.olympicwings.com\/?page_id=15275"},"modified":"2023-08-22T15:20:51","modified_gmt":"2023-08-22T13:20:51","slug":"south-peloponnese-fly-tour","status":"publish","type":"page","link":"https:\/\/fly.olympicwings.com\/de\/flying-tours-greece\/south-peloponnese-fly-tour\/","title":{"rendered":"S\u00fcd Peloponnes Flugreise"},"content":{"rendered":"<div class=\"wpb-content-wrapper\"><p>[vc_row css_animation=&#8220;&#8220; row_type=&#8220;row&#8220; use_row_as_full_screen_section=&#8220;no&#8220; type=&#8220;full_width&#8220; angled_section=&#8220;no&#8220; text_align=&#8220;left&#8220; background_image_as_pattern=&#8220;without_pattern&#8220;][vc_column][vc_column_text]<\/p>\n<h3 style=\"text-align: center;\">Flugreise S\u00fcd Peloponnes &#038; mehr<\/h3>\n<h4 style=\"text-align: center;\">sanfte Thermik &#038; schmackhafte Mahlzeiten &#038; wilde Landschaften<\/h4>\n<h5 style=\"text-align: center;\">ein faszinierender Flugurlaub mit Olympic Wings<\/h5>\n<p>&nbsp;<\/p>\n<p>[\/vc_column_text][\/vc_column][\/vc_row][vc_row css_animation=&#8220;&#8220; row_type=&#8220;row&#8220; use_row_as_full_screen_section=&#8220;no&#8220; type=&#8220;full_width&#8220; angled_section=&#8220;no&#8220; text_align=&#8220;left&#8220; background_image_as_pattern=&#8220;without_pattern&#8220;][vc_column width=&#8220;1\/2&#8243;][vc_single_image image=&#8220;15993&#8243; img_size=&#8220;medium&#8220; alignment=&#8220;center&#8220; onclick=&#8220;link_image&#8220; qode_css_animation=&#8220;&#8220;][\/vc_column][vc_column width=&#8220;1\/2&#8243;][vc_column_text]<strong>Olympic Wings <\/strong><strong>bietet die S\u00fcd Griechenland Flugrundreise <\/strong>an, um Piloten die Erfahrung des Fliegens in den faszinierendsten Fluggebieten im S\u00fcdwesten der Peloponnes in Kombination mit Delphi (hier fand der pre PWC in 2015 statt) in Griechenland zu vermitteln.<\/p>\n<p>&nbsp;<\/p>\n<p class=\"western\">Wir begleiten Dich nicht nur zwischen Start- und Landepl\u00e4tzen, sondern unterst\u00fctzen Dich vor allem durch unsere <strong>eigene Erfahrung<\/strong> aus dem Wettkampf- und XC-Fliegen in der Region mit <strong>wichtigen Informationen<\/strong>, um die lokalen Wettersysteme und Routenoptionen zu verstehen und <strong>mit Sicherheit<\/strong> optimal zu nutzen.<\/p>\n<p>[\/vc_column_text][\/vc_column][\/vc_row][vc_row css_animation=&#8220;&#8220; row_type=&#8220;row&#8220; use_row_as_full_screen_section=&#8220;no&#8220; type=&#8220;full_width&#8220; angled_section=&#8220;no&#8220; text_align=&#8220;left&#8220; background_image_as_pattern=&#8220;without_pattern&#8220;][vc_column width=&#8220;1\/2&#8243;][vc_empty_space][vc_column_text]<\/p>\n<p class=\"western\">Diese Tour f\u00fchrt Dich zum Gleitschirmfliegen in\u00a0<strong>abgelegene neue Fluggebiete<\/strong> mit einer \u00dcberraschungsroute, die speziell vom Olympic Wings-Team entworfen wurde.<\/p>\n<p>&nbsp;<\/p>\n<p class=\"western\">Wir besuchen <strong>Ziele in S\u00fcdgriechenland<\/strong>, die mit gro\u00dfartiger Thermik auch XC Fl\u00fcge \u00fcber herrlichen Landschaften erm\u00f6glichen und erleben K\u00fcstenfl\u00fcge mit imposanten Aussichten &#8211; <strong>ohne einen Flugtag zu verlieren.<\/strong><\/p>\n<p>[\/vc_column_text][\/vc_column][vc_column width=&#8220;1\/2&#8243;][vc_empty_space][vc_single_image image=&#8220;15994&#8243; img_size=&#8220;medium&#8220; alignment=&#8220;center&#8220; onclick=&#8220;link_image&#8220; qode_css_animation=&#8220;&#8220;][\/vc_column][\/vc_row][vc_row css_animation=&#8220;&#8220; row_type=&#8220;row&#8220; use_row_as_full_screen_section=&#8220;no&#8220; type=&#8220;full_width&#8220; angled_section=&#8220;no&#8220; text_align=&#8220;left&#8220; background_image_as_pattern=&#8220;without_pattern&#8220;][vc_column][vc_empty_space][vc_column_text]Wir k\u00f6nnen dir versichern, dass du deine Flugtage in den verschiedenen Gebieten geniessen und deine Kenntnisse verbessern wirst.<\/p>\n<p>&nbsp;<\/p>\n<p>Piloten, die mit uns fliegen, erleben neben\u00a0<strong>sanften Fl\u00fcgen<\/strong>\u00a0in den Sonnenuntergang auch\u00a0<strong>thermisch-technisches Fliegen.<\/strong>[\/vc_column_text][vc_empty_space][\/vc_column][vc_column][vc_gallery type=&#8220;image_grid&#8220; images=&#8220;15995,15992,15999&#8243; img_size=&#8220;medium&#8220; column_number=&#8220;3&#8243; grayscale=&#8220;no&#8220; images_space=&#8220;gallery_without_space&#8220;][vc_empty_space][\/vc_column][\/vc_row][vc_row css_animation=&#8220;&#8220; row_type=&#8220;row&#8220; use_row_as_full_screen_section=&#8220;no&#8220; type=&#8220;full_width&#8220; angled_section=&#8220;no&#8220; text_align=&#8220;left&#8220; background_image_as_pattern=&#8220;without_pattern&#8220;][vc_column width=&#8220;1\/2&#8243;][vc_column_text]<\/p>\n<p class=\"western\">Flexibilit\u00e4t und organisatorische Unterst\u00fctzung, um Gebiete \u00fcber Regionen hinweg mit minimaler Transportzeit je\u00a0<strong>nach Wetter<\/strong> zu kombinieren, erm\u00f6glichen es uns, jedes Fluggebiet zu den <strong>besten Bedingungen<\/strong>\u00a0zu erreichen.<\/p>\n<p>&nbsp;<\/p>\n<p class=\"western\">Ein Urlaub nichtsdestotrotz,<strong> reisen wir bequem<\/strong>\u00a0durch einladende D\u00f6rfer und kleine St\u00e4dte. Wir\u00a0<strong>erholen<\/strong>\u00a0uns sch\u00f6n in neu renovierten Hotels und hochwertigen Pensionen mit frischem Fr\u00fchst\u00fcck, in der N\u00e4he des Meeres oder auf dem Berg in der N\u00e4he des Startplatzes.<\/p>\n<p>&nbsp;<\/p>\n<p class=\"western\">Es gibt Vorschl\u00e4ge und Tipps f\u00fcr k\u00f6stliche Mahlzeiten, jeden Abend, aus\u00a0<strong>lokalen Produkten<\/strong>, die Du in einem entspannten Ambiente genie\u00dfen kannst.<\/p>\n<p>[\/vc_column_text][\/vc_column][vc_column width=&#8220;1\/2&#8243;][vc_single_image image=&#8220;16009&#8243; img_size=&#8220;medium&#8220; alignment=&#8220;center&#8220; onclick=&#8220;link_image&#8220; qode_css_animation=&#8220;&#8220;][\/vc_column][\/vc_row][vc_row css_animation=&#8220;&#8220; row_type=&#8220;row&#8220; use_row_as_full_screen_section=&#8220;no&#8220; type=&#8220;full_width&#8220; angled_section=&#8220;no&#8220; text_align=&#8220;left&#8220; background_image_as_pattern=&#8220;without_pattern&#8220;][vc_column][vc_gallery type=&#8220;image_grid&#8220; images=&#8220;16000,15998,15996&#8243; img_size=&#8220;medium&#8220; column_number=&#8220;3&#8243; grayscale=&#8220;no&#8220; images_space=&#8220;gallery_without_space&#8220;][vc_empty_space][\/vc_column][\/vc_row][vc_row css_animation=&#8220;&#8220; row_type=&#8220;row&#8220; use_row_as_full_screen_section=&#8220;no&#8220; type=&#8220;full_width&#8220; angled_section=&#8220;no&#8220; text_align=&#8220;left&#8220; background_image_as_pattern=&#8220;without_pattern&#8220;][vc_column][vc_column_text]<\/p>\n<p class=\"western\"><strong>Griechenland<\/strong>\u00a0ist ein Land mit einer\u00a0<strong>reichen nat\u00fcrlichen Umgebung<\/strong>\u00a0auf einer gro\u00dfen europ\u00e4ischen\u00a0<strong>Halbinsel<\/strong>, die in das\u00a0<strong>Mittelmeer<\/strong>\u00a0eintaucht, umgeben von Tausenden von\u00a0<strong>schwimmenden Inseln<\/strong>.<\/p>\n<p>&nbsp;<\/p>\n<p>Die\u00a0<strong>Halbinsel Peloponnes<\/strong>\u00a0hat ein gebirgiges Landesinneres und tief gegliederte K\u00fcsten. Es besitzt vier nach S\u00fcden ausgerichtete Halbinseln, die\u00a0<strong>Messenier<\/strong>, die\u00a0<strong>Mani<\/strong>, das\u00a0<strong>Kap Malea<\/strong>\u00a0\u2013 auch bekannt als Epidaurus Limera \u2013 und die\u00a0<strong>Argolid\u00a0<\/strong>im \u00e4u\u00dfersten Nordosten des Peloponnes.<\/p>\n<p>&nbsp;<\/p>\n<p>Der <strong>Taygetus\u00a0<\/strong>im S\u00fcden ist mit 2.407 m der h\u00f6chste Berg auf der Peloponnes. Weitere wichtige Berge sind Cyllene im Nordosten, Aroania im Norden, Erymanthos und <strong>Panachaikon\u00a0<\/strong>im Nordwesten,\u00a0<strong>Mainalon\u00a0<\/strong>im Zentrum und <strong>Parnon<\/strong> im S\u00fcdosten.<\/p>\n<p>&nbsp;<\/p>\n<p>[\/vc_column_text][\/vc_column][\/vc_row][vc_row css_animation=&#8220;&#8220; row_type=&#8220;row&#8220; use_row_as_full_screen_section=&#8220;no&#8220; type=&#8220;full_width&#8220; angled_section=&#8220;no&#8220; text_align=&#8220;left&#8220; background_image_as_pattern=&#8220;without_pattern&#8220;][vc_column width=&#8220;1\/2&#8243;][vc_column_text]<\/p>\n<h5><\/h5>\n<h5>Flieg mit uns durch S\u00fcd Griechenland!<\/h5>\n<p>&nbsp;<\/p>\n<h5>Hauptfluggebiete:<\/h5>\n<p>&nbsp;<\/p>\n<ul>\n<li>Peloponnes<\/li>\n<li>Delphi<\/li>\n<li>Athen<\/li>\n<\/ul>\n<p>[\/vc_column_text][\/vc_column][vc_column width=&#8220;1\/2&#8243;][vc_single_image image=&#8220;15997&#8243; img_size=&#8220;medium&#8220; alignment=&#8220;center&#8220; onclick=&#8220;link_image&#8220; qode_css_animation=&#8220;&#8220;][vc_empty_space][\/vc_column][\/vc_row]<\/p>\n<\/div>","protected":false},"excerpt":{"rendered":"<p>[vc_row css_animation=&#8220;&#8220; row_type=&#8220;row&#8220; use_row_as_full_screen_section=&#8220;no&#8220; type=&#8220;full_width&#8220; angled_section=&#8220;no&#8220; text_align=&#8220;left&#8220; background_image_as_pattern=&#8220;without_pattern&#8220;][vc_column][vc_column_text] Flugreise S\u00fcd Peloponnes &#038; mehr sanfte Thermik &#038; schmackhafte Mahlzeiten &#038; wilde Landschaften ein faszinierender Flugurlaub mit Olympic Wings &nbsp; [\/vc_column_text][\/vc_column][\/vc_row][vc_row css_animation=&#8220;&#8220; row_type=&#8220;row&#8220; use_row_as_full_screen_section=&#8220;no&#8220; type=&#8220;full_width&#8220; angled_section=&#8220;no&#8220; text_align=&#8220;left&#8220; background_image_as_pattern=&#8220;without_pattern&#8220;][vc_column width=&#8220;1\/2&#8243;][vc_single_image image=&#8220;15993&#8243; img_size=&#8220;medium&#8220; alignment=&#8220;center&#8220; onclick=&#8220;link_image&#8220; qode_css_animation=&#8220;&#8220;][\/vc_column][vc_column width=&#8220;1\/2&#8243;][vc_column_text]Olympic Wings bietet&#8230;<\/p>\n","protected":false},"author":1,"featured_media":0,"parent":14989,"menu_order":4,"comment_status":"closed","ping_status":"closed","template":"","meta":{"footnotes":""},"class_list":["post-15275","page","type-page","status-publish","hentry"],"_links":{"self":[{"href":"https:\/\/fly.olympicwings.com\/de\/wp-json\/wp\/v2\/pages\/15275","targetHints":{"allow":["GET"]}}],"collection":[{"href":"https:\/\/fly.olympicwings.com\/de\/wp-json\/wp\/v2\/pages"}],"about":[{"href":"https:\/\/fly.olympicwings.com\/de\/wp-json\/wp\/v2\/types\/page"}],"author":[{"embeddable":true,"href":"https:\/\/fly.olympicwings.com\/de\/wp-json\/wp\/v2\/users\/1"}],"replies":[{"embeddable":true,"href":"https:\/\/fly.olympicwings.com\/de\/wp-json\/wp\/v2\/comments?post=15275"}],"version-history":[{"count":5,"href":"https:\/\/fly.olympicwings.com\/de\/wp-json\/wp\/v2\/pages\/15275\/revisions"}],"predecessor-version":[{"id":16656,"href":"https:\/\/fly.olympicwings.com\/de\/wp-json\/wp\/v2\/pages\/15275\/revisions\/16656"}],"up":[{"embeddable":true,"href":"https:\/\/fly.olympicwings.com\/de\/wp-json\/wp\/v2\/pages\/14989"}],"wp:attachment":[{"href":"https:\/\/fly.olympicwings.com\/de\/wp-json\/wp\/v2\/media?parent=15275"}],"curies":[{"name":"wp","href":"https:\/\/api.w.org\/{rel}","templated":true}]}}