{"id":15225,"date":"2020-04-22T11:49:49","date_gmt":"2020-04-22T09:49:49","guid":{"rendered":"https:\/\/fly.olympicwings.com\/?page_id=15225"},"modified":"2023-08-21T12:02:29","modified_gmt":"2023-08-21T10:02:29","slug":"paramotor-holidays","status":"publish","type":"page","link":"https:\/\/fly.olympicwings.com\/de\/flying-holidays\/paramotor-holidays\/","title":{"rendered":"Paramotor Urlaub"},"content":{"rendered":"<div class=\"wpb-content-wrapper\"><p>[vc_row css_animation=&#8220;&#8220; row_type=&#8220;row&#8220; use_row_as_full_screen_section=&#8220;no&#8220; type=&#8220;full_width&#8220; angled_section=&#8220;no&#8220; text_align=&#8220;left&#8220; background_image_as_pattern=&#8220;without_pattern&#8220;][vc_column][vc_column_text]<\/p>\n<h5 style=\"text-align: center;\">\u00a0Geniesse mit Olympic Wings deinen Paramotor Urlaub in Griechenland.<\/h5>\n<p>[\/vc_column_text][vc_empty_space height=&#8220;20px&#8220;][\/vc_column][\/vc_row][vc_row css_animation=&#8220;&#8220; row_type=&#8220;row&#8220; use_row_as_full_screen_section=&#8220;no&#8220; type=&#8220;full_width&#8220; angled_section=&#8220;no&#8220; text_align=&#8220;left&#8220; background_image_as_pattern=&#8220;without_pattern&#8220;][vc_column width=&#8220;2\/3&#8243;][vc_column_text]Die <strong>Nature und Landschaften am Olympgebirge<\/strong> bieten eindr\u00fcckliche Aussichten w\u00e4hrend des Motorfliegens an der K\u00fcste der Olympischen Riviera entlang &#8211; \u00fcber die langen Sandstr\u00e4nde, das Flussdelta des Pinios am Ausgang des Tembitals und neben dem Olympgebirge und seinen h\u00f6chsten Gipfeln.<\/p>\n<p>&nbsp;<\/p>\n<p>Entdecke von der Luft aus die <strong>Piratenburg von Platamonas<\/strong> auf einem H\u00fcgel direkt neben dem Meer, die <strong>arch\u00e4ologische St\u00e4tte von Dion<\/strong> mit der weitl\u00e4ufigen Ausgrabungsanlage und die tiefen T\u00e4ler <strong>Enipeas und Tembi<\/strong>.<\/p>\n<p>&nbsp;<\/p>\n<p>Verbessere deine <strong>technischen F\u00e4higkeiten<\/strong> in den einfachen Start- und Landebedingungen im laminaren Seewind.<\/p>\n<p>&nbsp;<\/p>\n<p>Die <strong>Wetterbedingungen<\/strong> sind ideal f\u00fcr sanfte Paramotor Fl\u00fcge das ganze Jahr \u00fcber, das Fluggebiet ist gut vom Olymp gesch\u00fctzt.[\/vc_column_text][\/vc_column][vc_column width=&#8220;1\/3&#8243;][vc_single_image image=&#8220;15808&#8243; img_size=&#8220;full&#8220; onclick=&#8220;link_image&#8220; qode_css_animation=&#8220;&#8220;][\/vc_column][\/vc_row][vc_row css_animation=&#8220;&#8220; row_type=&#8220;row&#8220; use_row_as_full_screen_section=&#8220;no&#8220; type=&#8220;full_width&#8220; angled_section=&#8220;no&#8220; text_align=&#8220;left&#8220; background_image_as_pattern=&#8220;without_pattern&#8220;][vc_column][vc_empty_space height=&#8220;24px&#8220;][\/vc_column][\/vc_row][vc_row css_animation=&#8220;&#8220; row_type=&#8220;row&#8220; use_row_as_full_screen_section=&#8220;no&#8220; type=&#8220;full_width&#8220; angled_section=&#8220;no&#8220; text_align=&#8220;left&#8220; background_image_as_pattern=&#8220;without_pattern&#8220;][vc_column width=&#8220;2\/3&#8243;][vc_column_text]Olympic Wings organisiert f\u00fcr Paramotor Piloten \u2013 Freunde, Vereine und Schulen \u2013 <strong>Paramotor Urlaub in Griechenland<\/strong>.<\/p>\n<p>&nbsp;<\/p>\n<p>Wir haben <strong>grosse Felder und einfache Strandabschnitte<\/strong> ausgew\u00e4hlt f\u00fcr sanfte Start- und Landebereiche. Der <strong>Luftraum ist ruhig<\/strong> und nicht \u00fcberf\u00fcllt.<\/p>\n<p>&nbsp;<\/p>\n<p>Wir bieten den <strong>Transfer<\/strong> und <strong>Service<\/strong> f\u00fcr deine Paramotor Ausr\u00fcstung mit <strong>technischem Support an<\/strong>.[\/vc_column_text][\/vc_column][vc_column width=&#8220;1\/3&#8243;][vc_single_image image=&#8220;15824&#8243; img_size=&#8220;full&#8220; onclick=&#8220;link_image&#8220; qode_css_animation=&#8220;&#8220;][\/vc_column][\/vc_row][vc_row css_animation=&#8220;&#8220; row_type=&#8220;row&#8220; use_row_as_full_screen_section=&#8220;no&#8220; type=&#8220;full_width&#8220; angled_section=&#8220;no&#8220; text_align=&#8220;left&#8220; background_image_as_pattern=&#8220;without_pattern&#8220;][vc_column][vc_empty_space height=&#8220;24px&#8220;][\/vc_column][\/vc_row][vc_row css_animation=&#8220;&#8220; row_type=&#8220;row&#8220; use_row_as_full_screen_section=&#8220;no&#8220; type=&#8220;full_width&#8220; angled_section=&#8220;no&#8220; text_align=&#8220;left&#8220; background_image_as_pattern=&#8220;without_pattern&#8220;][vc_column][vc_masonry_media_grid element_width=&#8220;3&#8243; grid_id=&#8220;vc_gid:1692609354776-057901d2-aef8-2&#8243; include=&#8220;15829,15830,15821,15810,15828,15827,15817,15806,15826,15804,15816,15812,15813&#8243;][\/vc_column][\/vc_row][vc_row css_animation=&#8220;&#8220; row_type=&#8220;row&#8220; use_row_as_full_screen_section=&#8220;no&#8220; type=&#8220;full_width&#8220; angled_section=&#8220;no&#8220; text_align=&#8220;left&#8220; background_image_as_pattern=&#8220;without_pattern&#8220;][vc_column][vc_empty_space][\/vc_column][\/vc_row][vc_row css_animation=&#8220;&#8220; row_type=&#8220;row&#8220; use_row_as_full_screen_section=&#8220;no&#8220; type=&#8220;full_width&#8220; angled_section=&#8220;no&#8220; text_align=&#8220;left&#8220; background_image_as_pattern=&#8220;without_pattern&#8220;][vc_column][vc_video link=&#8220;https:\/\/youtu.be\/oPK8VrfbRaU?list=PLzaHBt9CIg2Pv7B7xP3XU9_-Ksq6V5rHY&#8220; align=&#8220;center&#8220;][\/vc_column][\/vc_row][vc_row css_animation=&#8220;&#8220; row_type=&#8220;row&#8220; use_row_as_full_screen_section=&#8220;no&#8220; type=&#8220;full_width&#8220; angled_section=&#8220;no&#8220; text_align=&#8220;left&#8220; background_image_as_pattern=&#8220;without_pattern&#8220;][vc_column][vc_empty_space][\/vc_column][\/vc_row][vc_row css_animation=&#8220;&#8220; row_type=&#8220;row&#8220; use_row_as_full_screen_section=&#8220;no&#8220; type=&#8220;full_width&#8220; angled_section=&#8220;no&#8220; text_align=&#8220;left&#8220; background_image_as_pattern=&#8220;without_pattern&#8220;][vc_column][vc_column_text]<\/p>\n<h5 style=\"text-align: center;\">Geniesse das entspannte Fliegen entlang der endlosen K\u00fcste der Olympischen Riviera!<\/h5>\n<p>[\/vc_column_text][vc_empty_space height=&#8220;20px&#8220;][\/vc_column][\/vc_row]<\/p>\n<\/div>","protected":false},"excerpt":{"rendered":"<p>[vc_row css_animation=&#8220;&#8220; row_type=&#8220;row&#8220; use_row_as_full_screen_section=&#8220;no&#8220; type=&#8220;full_width&#8220; angled_section=&#8220;no&#8220; text_align=&#8220;left&#8220; background_image_as_pattern=&#8220;without_pattern&#8220;][vc_column][vc_column_text] \u00a0Geniesse mit Olympic Wings deinen Paramotor Urlaub in Griechenland. [\/vc_column_text][vc_empty_space height=&#8220;20px&#8220;][\/vc_column][\/vc_row][vc_row css_animation=&#8220;&#8220; row_type=&#8220;row&#8220; use_row_as_full_screen_section=&#8220;no&#8220; type=&#8220;full_width&#8220; angled_section=&#8220;no&#8220; text_align=&#8220;left&#8220; background_image_as_pattern=&#8220;without_pattern&#8220;][vc_column width=&#8220;2\/3&#8243;][vc_column_text]Die Nature und Landschaften am Olympgebirge bieten eindr\u00fcckliche Aussichten w\u00e4hrend des Motorfliegens an der K\u00fcste der Olympischen Riviera entlang&#8230;<\/p>\n","protected":false},"author":1,"featured_media":0,"parent":15224,"menu_order":3,"comment_status":"closed","ping_status":"closed","template":"","meta":{"footnotes":""},"class_list":["post-15225","page","type-page","status-publish","hentry"],"_links":{"self":[{"href":"https:\/\/fly.olympicwings.com\/de\/wp-json\/wp\/v2\/pages\/15225","targetHints":{"allow":["GET"]}}],"collection":[{"href":"https:\/\/fly.olympicwings.com\/de\/wp-json\/wp\/v2\/pages"}],"about":[{"href":"https:\/\/fly.olympicwings.com\/de\/wp-json\/wp\/v2\/types\/page"}],"author":[{"embeddable":true,"href":"https:\/\/fly.olympicwings.com\/de\/wp-json\/wp\/v2\/users\/1"}],"replies":[{"embeddable":true,"href":"https:\/\/fly.olympicwings.com\/de\/wp-json\/wp\/v2\/comments?post=15225"}],"version-history":[{"count":5,"href":"https:\/\/fly.olympicwings.com\/de\/wp-json\/wp\/v2\/pages\/15225\/revisions"}],"predecessor-version":[{"id":16635,"href":"https:\/\/fly.olympicwings.com\/de\/wp-json\/wp\/v2\/pages\/15225\/revisions\/16635"}],"up":[{"embeddable":true,"href":"https:\/\/fly.olympicwings.com\/de\/wp-json\/wp\/v2\/pages\/15224"}],"wp:attachment":[{"href":"https:\/\/fly.olympicwings.com\/de\/wp-json\/wp\/v2\/media?parent=15225"}],"curies":[{"name":"wp","href":"https:\/\/api.w.org\/{rel}","templated":true}]}}