{"id":14968,"date":"2019-11-30T15:23:12","date_gmt":"2019-11-30T15:23:12","guid":{"rendered":"https:\/\/fly.olympicwings.com\/?page_id=14968"},"modified":"2023-08-19T21:16:54","modified_gmt":"2023-08-19T19:16:54","slug":"olympic-wings","status":"publish","type":"page","link":"https:\/\/fly.olympicwings.com\/de\/","title":{"rendered":"Olympic Wings"},"content":{"rendered":"<div class=\"wpb-content-wrapper\"><p>[vc_row css_animation=&#8220;&#8220; row_type=&#8220;row&#8220; use_row_as_full_screen_section=&#8220;no&#8220; type=&#8220;full_width&#8220; angled_section=&#8220;no&#8220; text_align=&#8220;left&#8220; background_image_as_pattern=&#8220;without_pattern&#8220;][vc_column width=&#8220;1\/2&#8243;][vc_column_text]<\/p>\r\n<h3>\u00dcber uns<\/h3>\r\n<p>&nbsp;<\/p>\r\n<p><strong>Olympic Wings<\/strong> wurde 1995 im Ort Neos Panteleimonas direkt am Fu\u00dfe des Olymp gegr\u00fcndet und ist ein professionell geleitetes Gleitschirmflugzentrum und Flugschule. Seit vielen Jahren haben wir uns auf die Organisation von Flugurlaub und Fortbildungskursen f\u00fcr Gleitschirmpiloten spezialisiert.<\/p>\r\n<p>&nbsp;<\/p>\r\n<p>Unsere <strong>Gleitschirmschule<\/strong> ist vom Griechischen Gleitschirmverband <strong>EL.A.O.<\/strong> \u2013 \u0395\u039b\u039b\u0397\u039d\u0399\u039a\u0397 \u0391\u0395\u03a1\u0391\u0398\u039b\u0397\u03a4\u0399\u039a\u0397 \u039f\u039c\u039f\u03a3\u03a0\u039f\u039d\u0394\u0399\u0391 \u2013 anerkannt, der wiederum dem Internationalen Flugverband <strong>FAI<\/strong> \u2013 F\u00e9d\u00e9ration A\u00e9ronautique Internationale \u2013 angeh\u00f6rt.<\/p>\r\n\r\n<p>&nbsp;<\/p>\r\n<p>[\/vc_column_text][\/vc_column][vc_column width=&#8220;1\/2&#8243;][vc_empty_space height=&#8220;15px&#8220;][vc_single_image image=&#8220;15024&#8243; img_size=&#8220;full&#8220; alignment=&#8220;right&#8220; onclick=&#8220;link_image&#8220; qode_css_animation=&#8220;&#8220;][\/vc_column][\/vc_row][vc_row css_animation=&#8220;&#8220; row_type=&#8220;row&#8220; use_row_as_full_screen_section=&#8220;no&#8220; type=&#8220;full_width&#8220; angled_section=&#8220;no&#8220; text_align=&#8220;left&#8220; background_image_as_pattern=&#8220;without_pattern&#8220;][vc_column][vc_empty_space height=&#8220;15px&#8220;][\/vc_column][\/vc_row][vc_row css_animation=&#8220;&#8220; row_type=&#8220;row&#8220; use_row_as_full_screen_section=&#8220;no&#8220; type=&#8220;full_width&#8220; angled_section=&#8220;no&#8220; text_align=&#8220;left&#8220; background_image_as_pattern=&#8220;without_pattern&#8220;][vc_column width=&#8220;1\/2&#8243;][vc_column_text]<\/p>\r\n<p>Das <strong>Olympic Wings Gleitschirmzentrum<\/strong> ist von <strong>APPI<\/strong> \u2013 Association of Paragliding Pilots and Instructors \u2013 registriert und mit <strong>5 Sternen<\/strong> ausgezeichnet. Wir bieten Kurse, Lizenzen &#038; Pr\u00fcfungen f\u00fcr Piloten, Tandempiloten und Fluglehrer an, die sich im Rahmen des internationalen APPI Ausbildungssystems und Standards qualifizieren m\u00f6chten.<\/p>\r\n<p>&nbsp;<\/p>\r\n<p>Olympic Wings ist ein <strong>voll lizenzierter Reiseveranstalter,<\/strong> zugelassen vom Griechischen Tourismusverband <strong>EOT<\/strong>, wir organisieren und buchen alle touristischen Leistungen f\u00fcr euren Urlaub \u2013 ihr k\u00f6nnt einfach nur <strong>entspannen, geniessen und fliegen!<\/strong><\/p>\r\n<p>[\/vc_column_text][\/vc_column][vc_column width=&#8220;1\/2&#8243;][vc_single_image image=&#8220;15040&#8243; img_size=&#8220;large&#8220; alignment=&#8220;right&#8220; onclick=&#8220;link_image&#8220; qode_css_animation=&#8220;&#8220;][\/vc_column][\/vc_row][vc_row css_animation=&#8220;&#8220; row_type=&#8220;row&#8220; use_row_as_full_screen_section=&#8220;no&#8220; type=&#8220;full_width&#8220; angled_section=&#8220;no&#8220; text_align=&#8220;left&#8220; background_image_as_pattern=&#8220;without_pattern&#8220;][vc_column][vc_empty_space height=&#8220;40px&#8220;][\/vc_column][\/vc_row][vc_row css_animation=&#8220;&#8220; row_type=&#8220;row&#8220; use_row_as_full_screen_section=&#8220;no&#8220; type=&#8220;full_width&#8220; angled_section=&#8220;no&#8220; text_align=&#8220;left&#8220; background_image_as_pattern=&#8220;without_pattern&#8220;][vc_column][vc_column_text]<\/p>\r\n<h5 style=\"text-align: center;\">Unsere Philosophie ist<br \/>\u201eFLIEG HOCH \u2013 FLIEG SICHER und LANDE IMMER SANFT\u201c!<\/h5>\r\n<p>[\/vc_column_text][\/vc_column][\/vc_row][vc_row css_animation=&#8220;&#8220; row_type=&#8220;row&#8220; use_row_as_full_screen_section=&#8220;no&#8220; type=&#8220;full_width&#8220; angled_section=&#8220;no&#8220; text_align=&#8220;left&#8220; background_image_as_pattern=&#8220;without_pattern&#8220;][vc_column][vc_empty_space height=&#8220;40px&#8220;][\/vc_column][\/vc_row][vc_row css_animation=&#8220;&#8220; row_type=&#8220;row&#8220; use_row_as_full_screen_section=&#8220;no&#8220; type=&#8220;full_width&#8220; angled_section=&#8220;no&#8220; text_align=&#8220;left&#8220; background_image_as_pattern=&#8220;without_pattern&#8220;][vc_column width=&#8220;1\/2&#8243;][vc_column_text]<\/p>\r\n<h3>Griechenland &#038; das Olympgebirge<\/h3>\r\n<p>&nbsp;<\/p>\r\n<p><strong>Griechenland ist ein traditionelles Urlaubsland<\/strong>, bekannt f\u00fcr endlose Str\u00e4nde, tausende Inseln, historische St\u00e4tten, einen faszinierenden <strong>Lebensstil<\/strong> und die schmackhafte <strong>Griechische K\u00fcche<\/strong>.<\/p>\r\n<p>&nbsp;<\/p>\r\n<p>Die <strong>einmalige Natur und Landschaften<\/strong>, die dieses Land bietet, kann man am besten aus Luft entdecken. Wir zeigen euch verschiedene Fluggebiete in den h\u00f6chsten Gebirgen Griechenlands und auch herrliche Startpl\u00e4tze direkt am Meer.<\/p>\r\n<p>&nbsp;<\/p>\r\n<p>Ein weiteres Thema, das uns sehr am Herzen liegt, ist der Erhalt unserer <strong>Natur, Umwelt<\/strong> und den <strong>reichhaltigen Traditionen und Kultur<\/strong> unserer Gegend. Wir hoffen, euer Augenmerk auf die <strong>Natursch\u00f6nheiten<\/strong> unserer Region lenken zu k\u00f6nnen.<\/p>\r\n<p>[\/vc_column_text][\/vc_column][vc_column width=&#8220;1\/2&#8243;][vc_single_image image=&#8220;15263&#8243; img_size=&#8220;full&#8220; alignment=&#8220;right&#8220; onclick=&#8220;link_image&#8220; qode_css_animation=&#8220;&#8220;][vc_empty_space height=&#8220;20px&#8220;][vc_single_image image=&#8220;15554&#8243; img_size=&#8220;medium&#8220; alignment=&#8220;center&#8220; onclick=&#8220;link_image&#8220; qode_css_animation=&#8220;&#8220;][\/vc_column][\/vc_row][vc_row css_animation=&#8220;&#8220; row_type=&#8220;row&#8220; use_row_as_full_screen_section=&#8220;no&#8220; type=&#8220;full_width&#8220; angled_section=&#8220;no&#8220; text_align=&#8220;left&#8220; background_image_as_pattern=&#8220;without_pattern&#8220;][vc_column][vc_empty_space height=&#8220;30px&#8220;][\/vc_column][\/vc_row][vc_row css_animation=&#8220;&#8220; row_type=&#8220;row&#8220; use_row_as_full_screen_section=&#8220;no&#8220; type=&#8220;full_width&#8220; angled_section=&#8220;no&#8220; text_align=&#8220;left&#8220; background_image_as_pattern=&#8220;without_pattern&#8220;][vc_column width=&#8220;1\/2&#8243;][vc_column_text]<\/p>\r\n<p><strong>Der Olymp, das Ossa- und Pieriagebirge<\/strong> liegen direkt am \u00c4g\u00e4ischen Meer ca. 100 km s\u00fcdlich von Thessaloniki, der zweitgr\u00f6\u00dften Stadt Griechenlands.<\/p>\r\n<p>&nbsp;<\/p>\r\n<p>Der <strong>h\u00f6chste Gipfel<\/strong> des Olympmassiv und Sitz der griechischen G\u00f6tter erhebt sich mit <strong>2918 m <\/strong>aus der K\u00fcstenebene empor. Der imposante Gegensatz zwischen Bergen und Meer hat Landschaften und <strong>Mikroklimazonen<\/strong> entstehen lassen, die Naturliebhaber faszinieren.<\/p>\r\n<p>&nbsp;<\/p>\r\n<p>Fluganf\u00e4nger und erfahrene Piloten finden hier aufgrund der landschaftlichen und klimatischen Besonderheiten eins der <strong>besten Fluggebiete Europas<\/strong>.<\/p>\r\n<p>[\/vc_column_text][\/vc_column][vc_column width=&#8220;1\/2&#8243;][vc_empty_space height=&#8220;20px&#8220;][vc_single_image image=&#8220;15558&#8243; img_size=&#8220;full&#8220; alignment=&#8220;right&#8220; onclick=&#8220;link_image&#8220; qode_css_animation=&#8220;&#8220;][\/vc_column][\/vc_row][vc_row css_animation=&#8220;&#8220; row_type=&#8220;row&#8220; use_row_as_full_screen_section=&#8220;no&#8220; type=&#8220;full_width&#8220; angled_section=&#8220;no&#8220; text_align=&#8220;left&#8220; background_image_as_pattern=&#8220;without_pattern&#8220;][vc_column][vc_empty_space height=&#8220;40px&#8220;][\/vc_column][\/vc_row][vc_row css_animation=&#8220;&#8220; row_type=&#8220;row&#8220; use_row_as_full_screen_section=&#8220;no&#8220; type=&#8220;full_width&#8220; angled_section=&#8220;no&#8220; text_align=&#8220;left&#8220; background_image_as_pattern=&#8220;without_pattern&#8220;][vc_column][vc_column_text]<\/p>\r\n<h3>Unser Team<\/h3>\r\n<p>&nbsp;<\/p>\r\n<p>[\/vc_column_text][vc_single_image image=&#8220;15035&#8243; img_size=&#8220;full&#8220; alignment=&#8220;center&#8220; qode_css_animation=&#8220;&#8220;][\/vc_column][\/vc_row][vc_row css_animation=&#8220;&#8220; row_type=&#8220;row&#8220; use_row_as_full_screen_section=&#8220;no&#8220; type=&#8220;full_width&#8220; angled_section=&#8220;no&#8220; text_align=&#8220;left&#8220; background_image_as_pattern=&#8220;without_pattern&#8220;][vc_column][vc_column_text]<\/p>\r\n<h5>\u00a0<\/h5>\r\n<h5>Kommt &#038; fliegt mit uns!<\/h5>\r\n<p>&nbsp;<\/p>\r\n<p>[\/vc_column_text][\/vc_column][\/vc_row][vc_row css_animation=&#8220;&#8220; row_type=&#8220;row&#8220; use_row_as_full_screen_section=&#8220;no&#8220; type=&#8220;full_width&#8220; angled_section=&#8220;no&#8220; text_align=&#8220;left&#8220; background_image_as_pattern=&#8220;without_pattern&#8220;][vc_column][qode_elements_holder number_of_columns=&#8220;two_columns&#8220;][qode_elements_holder_item cover=&#8220;yes&#8220; advanced_animations=&#8220;no&#8220; background_image=&#8220;15007&#8243; item_padding=&#8220;30% 30% 30% 30%&#8220;][\/qode_elements_holder_item][qode_elements_holder_item advanced_animations=&#8220;no&#8220; background_color=&#8220;#e5e5e5&#8243;][vc_column_text css=&#8220;.vc_custom_1690715736256{padding-top: 20px !important;padding-right: 10px !important;padding-bottom: 20px !important;padding-left: 10px !important;}&#8220;]<\/p>\r\n<p><strong>Stelios<\/strong>, der Gr\u00fcnder von Olympic Wings, ist ein qualifizierter und zertifizierter FAI Gleitschirmlehrer mit langj\u00e4hriger Erfahrung, fr\u00fcherer Wettkampfpilot und APPI Master Instructor.<\/p>\r\n<p>Er ist bekannt f\u00fcr seine besonderen Kenntnisse der lokalen Klima- und Flugbedingungen.<\/p>\r\n<p>Er studierte Wirtschaftswissenschaften in Bath UK und ist staatlich gepr\u00fcfter Gesch\u00e4ftsf\u00fchrer im Reiseveranstalterbereich mit umfassender Erfahrung in der Tourismusbranche.<\/p>\r\n<p>[\/vc_column_text][\/qode_elements_holder_item][\/qode_elements_holder][\/vc_column][\/vc_row][vc_row css_animation=&#8220;&#8220; row_type=&#8220;row&#8220; use_row_as_full_screen_section=&#8220;no&#8220; type=&#8220;full_width&#8220; angled_section=&#8220;no&#8220; text_align=&#8220;left&#8220; background_image_as_pattern=&#8220;without_pattern&#8220;][vc_column][qode_elements_holder background_color=&#8220;#ffffff&#8220; number_of_columns=&#8220;two_columns&#8220;][qode_elements_holder_item advanced_animations=&#8220;no&#8220;][vc_column_text css=&#8220;.vc_custom_1690715541662{padding-top: 20px !important;padding-right: 10px !important;padding-bottom: 20px !important;padding-left: 10px !important;}&#8220;]<\/p>\r\n<p><strong>Claudia<\/strong> ist APPI Fluglehrerin und APPI pro Tandempilotin, DHV Tandempilotin mit B-Schein und ist von ELAO lizenziert als Pilotin und Tandempilotin. Sie begann mit dem Gleitschirmfliegen 1991 in Deutschland. W\u00e4hrend ihres Chemiestudiums an der Universit\u00e4t Freiburg flog sie in den Alpen, Frankreich, Spanien, \u00d6sterreich, Schweiz und Italien. Seit 1995 arbeitet sie f\u00fcr Olympic Wings.<\/p>\r\n<p>Mit ihrer Ausbildung zur Reiseverkehrskauffrau bringt sie die idealen Voraussetzungen f\u00fcr das Reiseveranstalter-Management von Olympic Wings mit.<\/p>\r\n<p>Sie spricht fliessend Deutsch, Englisch und Griechisch.<\/p>\r\n<p>[\/vc_column_text][\/qode_elements_holder_item][qode_elements_holder_item cover=&#8220;yes&#8220; advanced_animations=&#8220;no&#8220; background_image=&#8220;15009&#8243; item_padding=&#8220;30% 30% 30% 30%&#8220;][\/qode_elements_holder_item][\/qode_elements_holder][\/vc_column][\/vc_row][vc_row css_animation=&#8220;&#8220; row_type=&#8220;row&#8220; use_row_as_full_screen_section=&#8220;no&#8220; type=&#8220;full_width&#8220; angled_section=&#8220;no&#8220; text_align=&#8220;left&#8220; background_image_as_pattern=&#8220;without_pattern&#8220;][vc_column][qode_elements_holder number_of_columns=&#8220;two_columns&#8220;][qode_elements_holder_item cover=&#8220;yes&#8220; advanced_animations=&#8220;no&#8220; background_image=&#8220;15010&#8243; item_padding=&#8220;30% 30% 30% 30%&#8220;][\/qode_elements_holder_item][qode_elements_holder_item advanced_animations=&#8220;no&#8220; background_color=&#8220;#e5e5e5&#8243;][vc_column_text css=&#8220;.vc_custom_1690573089708{padding-top: 20px !important;padding-right: 10px !important;padding-bottom: 20px !important;padding-left: 10px !important;}&#8220;]<\/p>\r\n<p><strong>Katerina<\/strong> ist Gleitschirmpilotin und von Kindheit an mit Olympic Wings vertraut. Sie fliegt Tandem seit sie 7 Jahre alt ist.<\/p>\r\n<p>Katerina studierte Tourismus und hat Berufserfahrung in den Bereichen Tourismus, internationalem Handel und Logistik.<\/p>\r\n<p>Sie ist f\u00fcr das Olympic Wings Gleitschirmcheck- und Servicecenter verantwortlich.<\/p>\r\n<p>Sie ist billingual aufgewachsen, spricht fliessend Griechisch und English, auch Deutsch und un peu de francais!<\/p>\r\n<p>[\/vc_column_text][\/qode_elements_holder_item][\/qode_elements_holder][\/vc_column][\/vc_row][vc_row css_animation=&#8220;&#8220; row_type=&#8220;row&#8220; use_row_as_full_screen_section=&#8220;no&#8220; type=&#8220;full_width&#8220; angled_section=&#8220;no&#8220; text_align=&#8220;left&#8220; background_image_as_pattern=&#8220;without_pattern&#8220;][vc_column][vc_empty_space height=&#8220;50px&#8220;][\/vc_column][\/vc_row][vc_row css_animation=&#8220;&#8220; row_type=&#8220;row&#8220; use_row_as_full_screen_section=&#8220;no&#8220; type=&#8220;full_width&#8220; angled_section=&#8220;no&#8220; text_align=&#8220;left&#8220; background_image_as_pattern=&#8220;without_pattern&#8220;][vc_column][vc_column_text]<\/p>\r\n<h5 style=\"text-align: center;\">Wir m\u00f6chten euch einladen, euren Flugurlaub mit uns zu verbringen,<br \/>eure Thermik-, Strecken- oder Tandemflugtechnik zu verfeinern,<br \/>die Griechische Gastfreundschaft zu geniessen und viel Spa\u00df zu haben!<\/h5>\r\n<p>[\/vc_column_text][\/vc_column][\/vc_row][vc_row css_animation=&#8220;&#8220; row_type=&#8220;row&#8220; use_row_as_full_screen_section=&#8220;no&#8220; type=&#8220;full_width&#8220; angled_section=&#8220;no&#8220; text_align=&#8220;left&#8220; background_image_as_pattern=&#8220;without_pattern&#8220;][vc_column][vc_empty_space height=&#8220;50px&#8220;][\/vc_column][\/vc_row]<\/p><\/div>","protected":false},"excerpt":{"rendered":"<p>[vc_row css_animation=&#8220;&#8220; row_type=&#8220;row&#8220; use_row_as_full_screen_section=&#8220;no&#8220; type=&#8220;full_width&#8220; angled_section=&#8220;no&#8220; text_align=&#8220;left&#8220; background_image_as_pattern=&#8220;without_pattern&#8220;][vc_column width=&#8220;1\/2&#8243;][vc_column_text] \u00dcber uns &nbsp; Olympic Wings wurde 1995 im Ort Neos Panteleimonas direkt am Fu\u00dfe des Olymp gegr\u00fcndet und ist ein professionell geleitetes Gleitschirmflugzentrum und Flugschule. Seit vielen Jahren haben wir uns auf die Organisation von Flugurlaub&#8230;<\/p>\n","protected":false},"author":1,"featured_media":0,"parent":0,"menu_order":0,"comment_status":"closed","ping_status":"closed","template":"","meta":{"footnotes":""},"class_list":["post-14968","page","type-page","status-publish","hentry"],"_links":{"self":[{"href":"https:\/\/fly.olympicwings.com\/de\/wp-json\/wp\/v2\/pages\/14968","targetHints":{"allow":["GET"]}}],"collection":[{"href":"https:\/\/fly.olympicwings.com\/de\/wp-json\/wp\/v2\/pages"}],"about":[{"href":"https:\/\/fly.olympicwings.com\/de\/wp-json\/wp\/v2\/types\/page"}],"author":[{"embeddable":true,"href":"https:\/\/fly.olympicwings.com\/de\/wp-json\/wp\/v2\/users\/1"}],"replies":[{"embeddable":true,"href":"https:\/\/fly.olympicwings.com\/de\/wp-json\/wp\/v2\/comments?post=14968"}],"version-history":[{"count":6,"href":"https:\/\/fly.olympicwings.com\/de\/wp-json\/wp\/v2\/pages\/14968\/revisions"}],"predecessor-version":[{"id":16631,"href":"https:\/\/fly.olympicwings.com\/de\/wp-json\/wp\/v2\/pages\/14968\/revisions\/16631"}],"wp:attachment":[{"href":"https:\/\/fly.olympicwings.com\/de\/wp-json\/wp\/v2\/media?parent=14968"}],"curies":[{"name":"wp","href":"https:\/\/api.w.org\/{rel}","templated":true}]}}