{"id":14944,"date":"2019-11-29T20:02:50","date_gmt":"2019-11-29T20:02:50","guid":{"rendered":"https:\/\/fly.olympicwings.com\/el\/?page_id=14944"},"modified":"2023-08-16T14:35:49","modified_gmt":"2023-08-16T12:35:49","slug":"terms-and-conditions","status":"publish","type":"page","link":"https:\/\/fly.olympicwings.com\/de\/olympic-wings\/terms-and-conditions\/","title":{"rendered":"Reisebedingungen"},"content":{"rendered":"\n<h4 class=\"wp-block-heading\">Buchung<\/h4>\n\n\n\n<p>Sie k\u00f6nnen  Ihre Reise \nin jeglicher schriftlicher Form bei uns buchen, z.B. per  Email, Fax \noder Post. Anfragen nehmen wir gerne auch telefonisch  entgegen, \nallerdings ben\u00f6tigen wir eine schriftliche Reservierung, um  \nunsererseits Reservierungen vorzunehmen.<\/p>\n\n\n\n<h4 class=\"wp-block-heading\">Zahlungsweise<\/h4>\n\n\n\n<p>Der\n Rechnungspreis muss vor Beginn der Reise beglichen werden. Bei  Buchung\n ist eine Anzahlung von 30% des Gesamtbetrages f\u00e4llig, bitte bezahlen \nSie diese innerhalb von 7 Tagen nach Erhalt der Rechnung. Der Restbetrag\n ist 21 Tage \tvor Anreise f\u00e4llig. Im Fall einer Last-Minute-Buchung  (ab\n 30 Tage vor Anreise) ist der Gesamtbetrag zum  Zeitpunkt der Buchung \nf\u00e4llig. Falls Sie diese Art  von Zahlungsweise aus bestimmten Gr\u00fcnden \nnicht einhalten k\u00f6nnen, wenden  Sie sich bitte an  einen zust\u00e4ndigen \nMitarbeiter von Olympic Wings zur Abkl\u00e4rung einer m\u00f6glichen  anderen \nZahlungsweise.<\/p>\n\n\n\n<h4 class=\"wp-block-heading\">Stornierung<\/h4>\n\n\n\n<p>Im Falle einer Stronierung von Seiten des Reisenden werden folgende  Betr\u00e4ge als Stornogeb\u00fchren einbehalten:<\/p>\n\n\n\n<p>1 Monat vor Anreise \u2013 10% des Reisepreises<\/p>\n\n\n\n<p>2 Wochen vor Anreise \u2013 50% des Reisepreise<\/p>\n\n\n\n<p>1 Woche vor Anreise \u2013 100% des Reisepreises<\/p>\n\n\n\n<h4 class=\"wp-block-heading\">Sicherheit<\/h4>\n\n\n\n<p>Die\n  Sicherheit spielt die gr\u00f6sste Rolle bei Olympic Wings. F\u00fcr uns ist es \n wichtig, dass unsere Mitarbeiter und unsere G\u00e4ste sicher und versichert\n  sind vor Unf\u00e4llen. Unsere Programme sind so gestaltet und ver\u00e4nderbar,\n  dass sie unsere G\u00e4ste nicht in Gefahr bringen. Unsere Reiseleiter sind\n  alle sehr erfahren und von uns pers\u00f6nlich gepr\u00fcft worden, so dass sie \n unsere G\u00e4ste sicher \u00fcber die Berge f\u00fchren k\u00f6nnen.<\/p>\n","protected":false},"excerpt":{"rendered":"<p>Buchung Sie k\u00f6nnen Ihre Reise in jeglicher schriftlicher Form bei uns buchen, z.B. per Email, Fax oder Post. Anfragen nehmen wir gerne auch telefonisch entgegen, allerdings ben\u00f6tigen wir eine schriftliche Reservierung, um unsererseits Reservierungen vorzunehmen. Zahlungsweise Der Rechnungspreis muss vor Beginn der Reise beglichen werden&#8230;.<\/p>\n","protected":false},"author":1,"featured_media":0,"parent":14968,"menu_order":0,"comment_status":"closed","ping_status":"closed","template":"","meta":{"footnotes":""},"class_list":["post-14944","page","type-page","status-publish","hentry"],"_links":{"self":[{"href":"https:\/\/fly.olympicwings.com\/de\/wp-json\/wp\/v2\/pages\/14944","targetHints":{"allow":["GET"]}}],"collection":[{"href":"https:\/\/fly.olympicwings.com\/de\/wp-json\/wp\/v2\/pages"}],"about":[{"href":"https:\/\/fly.olympicwings.com\/de\/wp-json\/wp\/v2\/types\/page"}],"author":[{"embeddable":true,"href":"https:\/\/fly.olympicwings.com\/de\/wp-json\/wp\/v2\/users\/1"}],"replies":[{"embeddable":true,"href":"https:\/\/fly.olympicwings.com\/de\/wp-json\/wp\/v2\/comments?post=14944"}],"version-history":[{"count":1,"href":"https:\/\/fly.olympicwings.com\/de\/wp-json\/wp\/v2\/pages\/14944\/revisions"}],"predecessor-version":[{"id":16596,"href":"https:\/\/fly.olympicwings.com\/de\/wp-json\/wp\/v2\/pages\/14944\/revisions\/16596"}],"up":[{"embeddable":true,"href":"https:\/\/fly.olympicwings.com\/de\/wp-json\/wp\/v2\/pages\/14968"}],"wp:attachment":[{"href":"https:\/\/fly.olympicwings.com\/de\/wp-json\/wp\/v2\/media?parent=14944"}],"curies":[{"name":"wp","href":"https:\/\/api.w.org\/{rel}","templated":true}]}}