{"id":14888,"date":"2019-11-26T16:21:02","date_gmt":"2019-11-26T14:21:02","guid":{"rendered":"https:\/\/fly.olympicwings.com\/?page_id=14888"},"modified":"2023-08-20T19:16:35","modified_gmt":"2023-08-20T17:16:35","slug":"paragliding-holidays","status":"publish","type":"page","link":"https:\/\/fly.olympicwings.com\/de\/flying-holidays\/paragliding-holidays\/","title":{"rendered":"Gleitschirmurlaub"},"content":{"rendered":"<div class=\"wpb-content-wrapper\"><p>[vc_row css_animation=&#8220;&#8220; row_type=&#8220;row&#8220; use_row_as_full_screen_section=&#8220;no&#8220; type=&#8220;full_width&#8220; angled_section=&#8220;no&#8220; text_align=&#8220;left&#8220; background_image_as_pattern=&#8220;without_pattern&#8220;][vc_column][vc_column_text]<\/p>\n<h2 style=\"text-align: center;\">Gleitschirmurlaub in Griechenland<\/h2>\n<p>[\/vc_column_text][\/vc_column][\/vc_row][vc_row css_animation=&#8220;&#8220; row_type=&#8220;row&#8220; use_row_as_full_screen_section=&#8220;no&#8220; type=&#8220;full_width&#8220; angled_section=&#8220;no&#8220; text_align=&#8220;left&#8220; background_image_as_pattern=&#8220;without_pattern&#8220;][vc_column][vc_empty_space][\/vc_column][\/vc_row][vc_row css_animation=&#8220;&#8220; row_type=&#8220;row&#8220; use_row_as_full_screen_section=&#8220;no&#8220; type=&#8220;full_width&#8220; angled_section=&#8220;no&#8220; text_align=&#8220;left&#8220; background_image_as_pattern=&#8220;without_pattern&#8220;][vc_column width=&#8220;1\/2&#8243;][vc_single_image image=&#8220;14879&#8243; img_size=&#8220;medium&#8220; alignment=&#8220;center&#8220; onclick=&#8220;link_image&#8220; qode_css_animation=&#8220;&#8220;][\/vc_column][vc_column width=&#8220;1\/2&#8243;][vc_column_text]<strong>Das Spezialgebiet von Olympic Wings<\/strong> ist das Organisieren von Gleitschirmurlaub f\u00fcr Piloten mit deren Familien und Freunden in verschiedenen Regionen Griechenlands, die einige der besten Fluggebiete Europas bieten.<\/p>\n<p><br class=\"spacer_\" \/><strong>Unser Team<\/strong> verf\u00fcgt \u00fcber extensive <strong>\u00f6rtliche Kenntnisse<\/strong> und hat jahrelange Erfahrung mit G\u00e4sten aus ganz Europa und weltweit. <br class=\"spacer_\" \/>Ihr werdet das Fliegen in diesen wundersch\u00f6nen Gegenden hier geniessen, w\u00e4hrend wir f\u00fcr einen <strong>hohen Standard an Sicherheit und Service<\/strong> sorgen.[\/vc_column_text][\/vc_column][\/vc_row][vc_row css_animation=&#8220;&#8220; row_type=&#8220;row&#8220; use_row_as_full_screen_section=&#8220;no&#8220; type=&#8220;full_width&#8220; angled_section=&#8220;no&#8220; text_align=&#8220;left&#8220; background_image_as_pattern=&#8220;without_pattern&#8220;][vc_column][vc_empty_space][\/vc_column][\/vc_row][vc_row css_animation=&#8220;&#8220; row_type=&#8220;row&#8220; use_row_as_full_screen_section=&#8220;no&#8220; type=&#8220;full_width&#8220; angled_section=&#8220;no&#8220; text_align=&#8220;left&#8220; background_image_as_pattern=&#8220;without_pattern&#8220;][vc_column width=&#8220;1\/2&#8243;][vc_column_text]Mit uns zu Fliegen hei\u00dft nicht nur, dass wir f\u00fcr euch die Organisation eures Gleitschirmurlaubes \u00fcbernehmen. <strong>T\u00e4gliche Wetter- und Fluggebietsbesprechungen<\/strong> stellen sicher, dass eure Fl\u00fcge ein besonderes Erlebnis sind.<\/p>\n<p>&nbsp;<\/p>\n<p>Wir legen sehr viel Wert auf <strong>Sicherheit <\/strong>und machen deshalb <strong>Ausr\u00fcstungschecks <\/strong>f\u00fcr alle unsere Piloten. Auch helfen wir gerne jedem Piloten, seine <strong>Start-, Flug- und Landetechnik<\/strong> zu verbessern.<\/p>\n<p>&nbsp;<\/p>\n<p>Unsere Philosophie ist es, daf\u00fcr zu sorgen, dass euer Gleitschirmurlaub zum vollen Erfolg wird.[\/vc_column_text][\/vc_column][vc_column width=&#8220;1\/2&#8243;][vc_single_image image=&#8220;15026&#8243; img_size=&#8220;medium&#8220; alignment=&#8220;center&#8220; onclick=&#8220;link_image&#8220; qode_css_animation=&#8220;&#8220;][\/vc_column][\/vc_row][vc_row css_animation=&#8220;&#8220; row_type=&#8220;row&#8220; use_row_as_full_screen_section=&#8220;no&#8220; type=&#8220;full_width&#8220; angled_section=&#8220;no&#8220; text_align=&#8220;left&#8220; background_image_as_pattern=&#8220;without_pattern&#8220;][vc_column][vc_empty_space][\/vc_column][\/vc_row][vc_row css_animation=&#8220;&#8220; row_type=&#8220;row&#8220; use_row_as_full_screen_section=&#8220;no&#8220; type=&#8220;full_width&#8220; angled_section=&#8220;no&#8220; text_align=&#8220;left&#8220; background_image_as_pattern=&#8220;without_pattern&#8220;][vc_column][vc_column_text]<\/p>\n<h5 style=\"text-align: center;\"><strong>Wir wollen, dass unsere Piloten HOCH und SICHER FLIEGEN und immer SANFT LANDEN !<\/strong><\/h5>\n<p>[\/vc_column_text][\/vc_column][\/vc_row][vc_row css_animation=&#8220;&#8220; row_type=&#8220;row&#8220; use_row_as_full_screen_section=&#8220;no&#8220; type=&#8220;full_width&#8220; angled_section=&#8220;no&#8220; text_align=&#8220;left&#8220; background_image_as_pattern=&#8220;without_pattern&#8220;][vc_column][vc_empty_space height=&#8220;50px&#8220;][\/vc_column][\/vc_row][vc_row css_animation=&#8220;&#8220; row_type=&#8220;row&#8220; use_row_as_full_screen_section=&#8220;no&#8220; type=&#8220;full_width&#8220; angled_section=&#8220;no&#8220; text_align=&#8220;left&#8220; background_image_as_pattern=&#8220;without_pattern&#8220;][vc_column width=&#8220;1\/2&#8243;][vc_single_image image=&#8220;16437&#8243; img_size=&#8220;medium&#8220; alignment=&#8220;center&#8220; onclick=&#8220;link_image&#8220; qode_css_animation=&#8220;&#8220;][\/vc_column][vc_column width=&#8220;1\/2&#8243;][vc_column_text]<strong>Das ganze Jahr \u00fcber<\/strong> besuchen uns Gleitschirmflugschulen, Vereine, Gruppen von Freunden und individuelle Piloten zum Fliegen aus der ganzen Welt.<\/p>\n<p>&nbsp;<\/p>\n<p>Wir w\u00e4hlen die Gegend f\u00fcr unsereren Gleitschirmurlaub flexibel aus und bieten <strong>mehrere Regionen in ganz Griechenland<\/strong> an, je nach Jahreszeit f\u00fcr die <strong>besten Wetterbedingungen<\/strong>, mit <strong>Unterkunft in der N\u00e4he der Fluggebiete<\/strong>.[\/vc_column_text][\/vc_column][\/vc_row][vc_row css_animation=&#8220;&#8220; row_type=&#8220;row&#8220; use_row_as_full_screen_section=&#8220;no&#8220; type=&#8220;full_width&#8220; angled_section=&#8220;no&#8220; text_align=&#8220;left&#8220; background_image_as_pattern=&#8220;without_pattern&#8220;][vc_column][vc_empty_space][\/vc_column][\/vc_row][vc_row css_animation=&#8220;&#8220; row_type=&#8220;row&#8220; use_row_as_full_screen_section=&#8220;no&#8220; type=&#8220;full_width&#8220; angled_section=&#8220;no&#8220; text_align=&#8220;left&#8220; background_image_as_pattern=&#8220;without_pattern&#8220;][vc_column width=&#8220;1\/2&#8243;][vc_column_text]In <strong>S\u00fcdgriechenland<\/strong> fliegen wir auf der Halbinsel Peloponnes und in der Umgebung von Agrinion mit Embessos, Mesolongi, Varassova und Attiki.<\/p>\n<p>&nbsp;<\/p>\n<p><strong>Westgriechenland<\/strong> bietet gro\u00dfartige Fl\u00fcge im Pindosgebirge in der N\u00e4he der Stadt Ioannina und der Insel Lefkas.<\/p>\n<p>&nbsp;<\/p>\n<p>In <strong>Nordgriechenland<\/strong> besuchen wir das Falakrogebirge bei Drama, den Olymp und Kaimaktsalan bei Edessa.<\/p>\n<p>&nbsp;<\/p>\n<p><strong>Zentralgriechenland<\/strong> bietet Fl\u00fcge \u00fcber Delphi mit seinem Orakel, Amfiklia am Parnassosgebirge und Mouzaki bei den ber\u00fchmten Meteora Kl\u00f6stern.[\/vc_column_text][\/vc_column][vc_column width=&#8220;1\/2&#8243;][vc_single_image image=&#8220;16516&#8243; img_size=&#8220;medium&#8220; alignment=&#8220;center&#8220; onclick=&#8220;link_image&#8220; qode_css_animation=&#8220;&#8220;][\/vc_column][\/vc_row][vc_row css_animation=&#8220;&#8220; row_type=&#8220;row&#8220; use_row_as_full_screen_section=&#8220;no&#8220; type=&#8220;full_width&#8220; angled_section=&#8220;no&#8220; text_align=&#8220;left&#8220; background_image_as_pattern=&#8220;without_pattern&#8220;][vc_column][vc_empty_space height=&#8220;50px&#8220;][\/vc_column][\/vc_row][vc_row css_animation=&#8220;&#8220; row_type=&#8220;row&#8220; use_row_as_full_screen_section=&#8220;no&#8220; type=&#8220;full_width&#8220; angled_section=&#8220;no&#8220; text_align=&#8220;left&#8220; background_image_as_pattern=&#8220;without_pattern&#8220;][vc_column width=&#8220;1\/2&#8243;][vc_single_image image=&#8220;14883&#8243; img_size=&#8220;medium&#8220; alignment=&#8220;center&#8220; onclick=&#8220;link_image&#8220; qode_css_animation=&#8220;&#8220;][vc_single_image image=&#8220;16461&#8243; img_size=&#8220;medium&#8220; alignment=&#8220;center&#8220; onclick=&#8220;link_image&#8220; qode_css_animation=&#8220;&#8220;][\/vc_column][vc_column width=&#8220;1\/2&#8243;][vc_column_text]<\/p>\n<h5 class=\"wp-block-heading\">Fluggebiete am Olymp<\/h5>\n<p>&nbsp;<\/p>\n<p><strong>Unsere Fluggebiete<\/strong> erstrecken sich \u00fcber die drei Gebirgsmassive <strong>Pieria im Norden, Olymp und Ossa \/ Kissavos im S\u00fcden<\/strong>. Sie bilden eine lange Gebirgskette, die sich entlang der K\u00fcste des \u00c4g\u00e4ischen Meers erstreckt \u2013 imposante T\u00e4ler trennen die einzelnen Gebirge voneinander. Der <strong>Olymp <\/strong>ist mit dem Gipfel Mytikas (2.918 m) das <strong>h\u00f6chste Gebirge Griechenlands<\/strong> und der ber\u00fchmte Sitz der Griechischen G\u00f6tter.<\/p>\n<p>&nbsp;<\/p>\n<p>Die Region weisst zwei sehr unterschiedliche Landschaften auf: Die sanften und gr\u00fcnen <strong>H\u00e4nge im Norden<\/strong> und die <strong>trockene S\u00fcdseite<\/strong>.[\/vc_column_text][\/vc_column][\/vc_row][vc_row css_animation=&#8220;&#8220; row_type=&#8220;row&#8220; use_row_as_full_screen_section=&#8220;no&#8220; type=&#8220;full_width&#8220; angled_section=&#8220;no&#8220; text_align=&#8220;left&#8220; background_image_as_pattern=&#8220;without_pattern&#8220;][vc_column][vc_empty_space][\/vc_column][\/vc_row][vc_row css_animation=&#8220;&#8220; row_type=&#8220;row&#8220; use_row_as_full_screen_section=&#8220;no&#8220; type=&#8220;full_width&#8220; angled_section=&#8220;no&#8220; text_align=&#8220;left&#8220; background_image_as_pattern=&#8220;without_pattern&#8220;][vc_column width=&#8220;1\/2&#8243;][vc_column_text]<strong>Erfahrene Piloten<\/strong> werden die fantastischen <strong>Thermik- und Streckenflugm\u00f6glichkeiten<\/strong> des S\u00fcdens zu sch\u00e4tzen wissen. <strong>Weniger erfahrene Piloten<\/strong> k\u00f6nnen <strong>dynamisches Soaren<\/strong> an den Nordh\u00e4ngen genie\u00dfen. Die sanften Verh\u00e4ltnisse im Norden sind auch ideal f\u00fcr <strong>Thermikeinsteiger.<\/strong><\/p>\n<p>&nbsp;<\/p>\n<p>Egal wie viel Flugerfahrung Ihr habt, wir haben die M\u00f6glichkeit, diese mit einem unserer Fluggebiete und den lokalen Wetterbedingungen abzustimmen, so dass Ihr alle gen\u00fcsslich Fliegen k\u00f6nnt.<\/p>\n<p>&nbsp;<\/p>\n<p>Mit Bedacht haben wir <strong>8 verschiedene Flugberge mit 15 unterschiedlichen Startpl\u00e4tzen<\/strong> f\u00fcr alle Windrichtungen ausgesucht. Dadurch k\u00f6nnen wir je nach <strong>Windrichtung und den Wetterbedingungen<\/strong> t\u00e4glich die passenden Fluggebiete ausw\u00e4hlen.[\/vc_column_text][\/vc_column][vc_column width=&#8220;1\/2&#8243;][vc_single_image image=&#8220;16495&#8243; img_size=&#8220;medium&#8220; alignment=&#8220;center&#8220; onclick=&#8220;link_image&#8220; qode_css_animation=&#8220;&#8220;][vc_single_image image=&#8220;14884&#8243; img_size=&#8220;medium&#8220; alignment=&#8220;center&#8220; onclick=&#8220;link_image&#8220; qode_css_animation=&#8220;&#8220;][\/vc_column][\/vc_row][vc_row css_animation=&#8220;&#8220; row_type=&#8220;row&#8220; use_row_as_full_screen_section=&#8220;no&#8220; type=&#8220;full_width&#8220; angled_section=&#8220;no&#8220; text_align=&#8220;left&#8220; background_image_as_pattern=&#8220;without_pattern&#8220;][vc_column][vc_empty_space][\/vc_column][\/vc_row][vc_row css_animation=&#8220;&#8220; row_type=&#8220;row&#8220; use_row_as_full_screen_section=&#8220;no&#8220; type=&#8220;full_width&#8220; angled_section=&#8220;no&#8220; text_align=&#8220;left&#8220; background_image_as_pattern=&#8220;without_pattern&#8220;][vc_column][vc_column_text]<\/p>\n<h5 style=\"text-align: center;\">Frage bei uns deinen bevorzugten Termin an und buche Deinen Gleitschirmurlaub:<\/h5>\n<p style=\"text-align: center;\"><a href=\"mailto:info@olympicwings.com\">info@olympicwings.com<\/a><\/p>\n<p>[\/vc_column_text][\/vc_column][\/vc_row][vc_row css_animation=&#8220;&#8220; row_type=&#8220;row&#8220; use_row_as_full_screen_section=&#8220;no&#8220; type=&#8220;full_width&#8220; angled_section=&#8220;no&#8220; text_align=&#8220;left&#8220; background_image_as_pattern=&#8220;without_pattern&#8220;][vc_column][vc_empty_space][\/vc_column][\/vc_row]<\/p>\n<\/div>","protected":false},"excerpt":{"rendered":"<p>[vc_row css_animation=&#8220;&#8220; row_type=&#8220;row&#8220; use_row_as_full_screen_section=&#8220;no&#8220; type=&#8220;full_width&#8220; angled_section=&#8220;no&#8220; text_align=&#8220;left&#8220; background_image_as_pattern=&#8220;without_pattern&#8220;][vc_column][vc_column_text] Gleitschirmurlaub in Griechenland [\/vc_column_text][\/vc_column][\/vc_row][vc_row css_animation=&#8220;&#8220; row_type=&#8220;row&#8220; use_row_as_full_screen_section=&#8220;no&#8220; type=&#8220;full_width&#8220; angled_section=&#8220;no&#8220; text_align=&#8220;left&#8220; background_image_as_pattern=&#8220;without_pattern&#8220;][vc_column][vc_empty_space][\/vc_column][\/vc_row][vc_row css_animation=&#8220;&#8220; row_type=&#8220;row&#8220; use_row_as_full_screen_section=&#8220;no&#8220; type=&#8220;full_width&#8220; angled_section=&#8220;no&#8220; text_align=&#8220;left&#8220; background_image_as_pattern=&#8220;without_pattern&#8220;][vc_column width=&#8220;1\/2&#8243;][vc_single_image image=&#8220;14879&#8243; img_size=&#8220;medium&#8220; alignment=&#8220;center&#8220; onclick=&#8220;link_image&#8220; qode_css_animation=&#8220;&#8220;][\/vc_column][vc_column width=&#8220;1\/2&#8243;][vc_column_text]Das Spezialgebiet von Olympic Wings ist das Organisieren von Gleitschirmurlaub f\u00fcr Piloten mit&#8230;<\/p>\n","protected":false},"author":1,"featured_media":0,"parent":15224,"menu_order":1,"comment_status":"closed","ping_status":"closed","template":"","meta":{"footnotes":""},"class_list":["post-14888","page","type-page","status-publish","hentry"],"_links":{"self":[{"href":"https:\/\/fly.olympicwings.com\/de\/wp-json\/wp\/v2\/pages\/14888","targetHints":{"allow":["GET"]}}],"collection":[{"href":"https:\/\/fly.olympicwings.com\/de\/wp-json\/wp\/v2\/pages"}],"about":[{"href":"https:\/\/fly.olympicwings.com\/de\/wp-json\/wp\/v2\/types\/page"}],"author":[{"embeddable":true,"href":"https:\/\/fly.olympicwings.com\/de\/wp-json\/wp\/v2\/users\/1"}],"replies":[{"embeddable":true,"href":"https:\/\/fly.olympicwings.com\/de\/wp-json\/wp\/v2\/comments?post=14888"}],"version-history":[{"count":5,"href":"https:\/\/fly.olympicwings.com\/de\/wp-json\/wp\/v2\/pages\/14888\/revisions"}],"predecessor-version":[{"id":16642,"href":"https:\/\/fly.olympicwings.com\/de\/wp-json\/wp\/v2\/pages\/14888\/revisions\/16642"}],"up":[{"embeddable":true,"href":"https:\/\/fly.olympicwings.com\/de\/wp-json\/wp\/v2\/pages\/15224"}],"wp:attachment":[{"href":"https:\/\/fly.olympicwings.com\/de\/wp-json\/wp\/v2\/media?parent=14888"}],"curies":[{"name":"wp","href":"https:\/\/api.w.org\/{rel}","templated":true}]}}